{"id":86,"date":"2022-02-03T16:23:00","date_gmt":"2022-02-03T15:23:00","guid":{"rendered":"https:\/\/www.vacances-luchon.fr\/?page_id=86"},"modified":"2023-04-23T21:34:37","modified_gmt":"2023-04-23T19:34:37","slug":"preparez-votre-sejour","status":"publish","type":"page","link":"https:\/\/www.vacances-luchon.fr\/index.php\/preparez-votre-sejour\/","title":{"rendered":"Pr\u00e9parez votre s\u00e9jour"},"content":{"rendered":"\n<iframe loading=\"lazy\" src=\"\/\/v.calameo.com\/library\/?type=account&amp;id=5751165&amp;rows=1&amp;sortBy=latestIssue&amp;theme=wood&amp;bgColor=&amp;thumbSize=large&amp;showTitle=true&amp;showShadow=true&amp;showGloss=true&amp;showInfo=account&amp;linkTo=embed\" allowfullscreen=\"\" allowtransparency=\"\" width=\"100%\" height=\"240\" frameborder=\"0\"><\/iframe>\n\n\n\n<h1>Activit\u00e9s \u00e0 proximit\u00e9<\/h1>\n\n\n\n<h2>En hiver<\/h2>\n\n\n\n<p>Nombreuses activit\u00e9s sur le domaine skiable de Superbagn\u00e8res: raquettes, ski, snowboard, ski nordique, luge\u2026<\/p>\n\n\n\n<p>Autres stations proches : Peyragudes 12kms; Les Agudes 13kms; Bourg d&rsquo;Oueil 14kms; les Mourtis 23kms.<\/p>\n\n\n\n<h2>En \u00e9t\u00e9<\/h2>\n\n\n\n<p>Randonn\u00e9es p\u00e9destres, cyclisme, golf, \u00e9quitation, p\u00eache, \u00e0 quelques kms rafting sur la Garonne, parcours accrobranche, circuit VTT et de l\u2019autre c\u00f4t\u00e9 du col du Portillon sur versant espagnol le parc animalier \u00ab Aran Park \u00bb ( \u00e0 15km ).<\/p>\n\n\n\n<h2>Sports a\u00e9riens, Golf, Tennis<\/h2>\n\n\n\n<p>Un large \u00e9ventail d&rsquo;activit\u00e9s s&rsquo;offre \u00e0 vous.<\/p>\n\n\n\n<figure class=\"wp-block-gallery columns-3 is-cropped\"><ul class=\"blocks-gallery-grid\"><li class=\"blocks-gallery-item\"><figure><img loading=\"lazy\" width=\"1024\" height=\"768\" src=\"https:\/\/www.vacances-luchon.fr\/wp-content\/uploads\/2023\/04\/IMG_1485-1024x768.jpg\" alt=\"\" data-id=\"154\" data-link=\"https:\/\/www.vacances-luchon.fr\/index.php\/preparez-votre-sejour\/img_1485\/\" class=\"wp-image-154\" srcset=\"https:\/\/www.vacances-luchon.fr\/wp-content\/uploads\/2023\/04\/IMG_1485-1024x768.jpg 1024w, https:\/\/www.vacances-luchon.fr\/wp-content\/uploads\/2023\/04\/IMG_1485-300x225.jpg 300w, https:\/\/www.vacances-luchon.fr\/wp-content\/uploads\/2023\/04\/IMG_1485-768x576.jpg 768w, https:\/\/www.vacances-luchon.fr\/wp-content\/uploads\/2023\/04\/IMG_1485-1536x1152.jpg 1536w, https:\/\/www.vacances-luchon.fr\/wp-content\/uploads\/2023\/04\/IMG_1485-2048x1536.jpg 2048w, https:\/\/www.vacances-luchon.fr\/wp-content\/uploads\/2023\/04\/IMG_1485-960x720.jpg 960w\" sizes=\"(max-width: 1024px) 100vw, 1024px\" \/><\/figure><\/li><li class=\"blocks-gallery-item\"><figure><img loading=\"lazy\" width=\"1000\" height=\"750\" src=\"https:\/\/www.vacances-luchon.fr\/wp-content\/uploads\/2022\/12\/IMG_1870_red.jpg\" alt=\"\" data-id=\"129\" data-link=\"https:\/\/www.vacances-luchon.fr\/img_1870_red\/\" class=\"wp-image-129\" srcset=\"https:\/\/www.vacances-luchon.fr\/wp-content\/uploads\/2022\/12\/IMG_1870_red.jpg 1000w, https:\/\/www.vacances-luchon.fr\/wp-content\/uploads\/2022\/12\/IMG_1870_red-300x225.jpg 300w, https:\/\/www.vacances-luchon.fr\/wp-content\/uploads\/2022\/12\/IMG_1870_red-768x576.jpg 768w, https:\/\/www.vacances-luchon.fr\/wp-content\/uploads\/2022\/12\/IMG_1870_red-960x720.jpg 960w\" sizes=\"(max-width: 1000px) 100vw, 1000px\" \/><\/figure><\/li><li class=\"blocks-gallery-item\"><figure><img loading=\"lazy\" width=\"1000\" height=\"750\" src=\"https:\/\/www.vacances-luchon.fr\/wp-content\/uploads\/2023\/04\/Gallerie_activites_IMG_1869.jpg\" alt=\"\" data-id=\"162\" data-link=\"https:\/\/www.vacances-luchon.fr\/index.php\/preparez-votre-sejour\/gallerie_activites_img_1869\/\" class=\"wp-image-162\" srcset=\"https:\/\/www.vacances-luchon.fr\/wp-content\/uploads\/2023\/04\/Gallerie_activites_IMG_1869.jpg 1000w, https:\/\/www.vacances-luchon.fr\/wp-content\/uploads\/2023\/04\/Gallerie_activites_IMG_1869-300x225.jpg 300w, https:\/\/www.vacances-luchon.fr\/wp-content\/uploads\/2023\/04\/Gallerie_activites_IMG_1869-768x576.jpg 768w, https:\/\/www.vacances-luchon.fr\/wp-content\/uploads\/2023\/04\/Gallerie_activites_IMG_1869-960x720.jpg 960w\" sizes=\"(max-width: 1000px) 100vw, 1000px\" \/><\/figure><\/li><li class=\"blocks-gallery-item\"><figure><img loading=\"lazy\" width=\"1000\" height=\"750\" src=\"https:\/\/www.vacances-luchon.fr\/wp-content\/uploads\/2022\/12\/IMG_1891_red.jpg\" alt=\"\" data-id=\"130\" data-link=\"https:\/\/www.vacances-luchon.fr\/img_1891_red\/\" class=\"wp-image-130\" srcset=\"https:\/\/www.vacances-luchon.fr\/wp-content\/uploads\/2022\/12\/IMG_1891_red.jpg 1000w, https:\/\/www.vacances-luchon.fr\/wp-content\/uploads\/2022\/12\/IMG_1891_red-300x225.jpg 300w, https:\/\/www.vacances-luchon.fr\/wp-content\/uploads\/2022\/12\/IMG_1891_red-768x576.jpg 768w, https:\/\/www.vacances-luchon.fr\/wp-content\/uploads\/2022\/12\/IMG_1891_red-960x720.jpg 960w\" sizes=\"(max-width: 1000px) 100vw, 1000px\" \/><\/figure><\/li><li class=\"blocks-gallery-item\"><figure><img loading=\"lazy\" width=\"1024\" height=\"576\" src=\"https:\/\/www.vacances-luchon.fr\/wp-content\/uploads\/2022\/12\/CHEI1621-1024x576.jpg\" alt=\"\" data-id=\"128\" data-link=\"https:\/\/www.vacances-luchon.fr\/chei1621\/\" class=\"wp-image-128\" srcset=\"https:\/\/www.vacances-luchon.fr\/wp-content\/uploads\/2022\/12\/CHEI1621-1024x576.jpg 1024w, https:\/\/www.vacances-luchon.fr\/wp-content\/uploads\/2022\/12\/CHEI1621-300x169.jpg 300w, https:\/\/www.vacances-luchon.fr\/wp-content\/uploads\/2022\/12\/CHEI1621-768x432.jpg 768w, https:\/\/www.vacances-luchon.fr\/wp-content\/uploads\/2022\/12\/CHEI1621-1536x864.jpg 1536w, https:\/\/www.vacances-luchon.fr\/wp-content\/uploads\/2022\/12\/CHEI1621.jpg 1600w\" sizes=\"(max-width: 1024px) 100vw, 1024px\" \/><\/figure><\/li><li class=\"blocks-gallery-item\"><figure><img loading=\"lazy\" width=\"1000\" height=\"750\" src=\"https:\/\/www.vacances-luchon.fr\/wp-content\/uploads\/2023\/04\/Gallerie_activites_IMG_1890.jpg\" alt=\"\" data-id=\"166\" data-full-url=\"https:\/\/www.vacances-luchon.fr\/wp-content\/uploads\/2023\/04\/Gallerie_activites_IMG_1890.jpg\" data-link=\"https:\/\/www.vacances-luchon.fr\/index.php\/preparez-votre-sejour\/gallerie_activites_img_1890\/\" class=\"wp-image-166\" srcset=\"https:\/\/www.vacances-luchon.fr\/wp-content\/uploads\/2023\/04\/Gallerie_activites_IMG_1890.jpg 1000w, https:\/\/www.vacances-luchon.fr\/wp-content\/uploads\/2023\/04\/Gallerie_activites_IMG_1890-300x225.jpg 300w, https:\/\/www.vacances-luchon.fr\/wp-content\/uploads\/2023\/04\/Gallerie_activites_IMG_1890-768x576.jpg 768w, https:\/\/www.vacances-luchon.fr\/wp-content\/uploads\/2023\/04\/Gallerie_activites_IMG_1890-960x720.jpg 960w\" sizes=\"(max-width: 1000px) 100vw, 1000px\" \/><\/figure><\/li><li class=\"blocks-gallery-item\"><figure><img loading=\"lazy\" width=\"1000\" height=\"750\" src=\"https:\/\/www.vacances-luchon.fr\/wp-content\/uploads\/2022\/12\/IMG_1903_red.jpg\" alt=\"\" data-id=\"131\" data-link=\"https:\/\/www.vacances-luchon.fr\/img_1903_red\/\" class=\"wp-image-131\" srcset=\"https:\/\/www.vacances-luchon.fr\/wp-content\/uploads\/2022\/12\/IMG_1903_red.jpg 1000w, https:\/\/www.vacances-luchon.fr\/wp-content\/uploads\/2022\/12\/IMG_1903_red-300x225.jpg 300w, https:\/\/www.vacances-luchon.fr\/wp-content\/uploads\/2022\/12\/IMG_1903_red-768x576.jpg 768w, https:\/\/www.vacances-luchon.fr\/wp-content\/uploads\/2022\/12\/IMG_1903_red-960x720.jpg 960w\" sizes=\"(max-width: 1000px) 100vw, 1000px\" \/><\/figure><\/li><li class=\"blocks-gallery-item\"><figure><img loading=\"lazy\" width=\"1000\" height=\"750\" src=\"https:\/\/www.vacances-luchon.fr\/wp-content\/uploads\/2023\/04\/Gallerie_activites_IMG_1895.jpg\" alt=\"\" data-id=\"164\" data-link=\"https:\/\/www.vacances-luchon.fr\/index.php\/preparez-votre-sejour\/gallerie_activites_img_1895\/\" class=\"wp-image-164\" srcset=\"https:\/\/www.vacances-luchon.fr\/wp-content\/uploads\/2023\/04\/Gallerie_activites_IMG_1895.jpg 1000w, https:\/\/www.vacances-luchon.fr\/wp-content\/uploads\/2023\/04\/Gallerie_activites_IMG_1895-300x225.jpg 300w, https:\/\/www.vacances-luchon.fr\/wp-content\/uploads\/2023\/04\/Gallerie_activites_IMG_1895-768x576.jpg 768w, https:\/\/www.vacances-luchon.fr\/wp-content\/uploads\/2023\/04\/Gallerie_activites_IMG_1895-960x720.jpg 960w\" sizes=\"(max-width: 1000px) 100vw, 1000px\" \/><\/figure><\/li><li class=\"blocks-gallery-item\"><figure><img loading=\"lazy\" width=\"1000\" height=\"750\" src=\"https:\/\/www.vacances-luchon.fr\/wp-content\/uploads\/2023\/04\/Gallerie_activites_IMG_1894.jpg\" alt=\"\" data-id=\"165\" data-link=\"https:\/\/www.vacances-luchon.fr\/index.php\/preparez-votre-sejour\/gallerie_activites_img_1894\/\" class=\"wp-image-165\" srcset=\"https:\/\/www.vacances-luchon.fr\/wp-content\/uploads\/2023\/04\/Gallerie_activites_IMG_1894.jpg 1000w, https:\/\/www.vacances-luchon.fr\/wp-content\/uploads\/2023\/04\/Gallerie_activites_IMG_1894-300x225.jpg 300w, https:\/\/www.vacances-luchon.fr\/wp-content\/uploads\/2023\/04\/Gallerie_activites_IMG_1894-768x576.jpg 768w, https:\/\/www.vacances-luchon.fr\/wp-content\/uploads\/2023\/04\/Gallerie_activites_IMG_1894-960x720.jpg 960w\" sizes=\"(max-width: 1000px) 100vw, 1000px\" \/><\/figure><\/li><\/ul><\/figure>\n\n\n\n<p><\/p>\n\n\n\n<h2>La ville de Luchon vous accueille <\/h2>\n\n\n\n<figure class=\"wp-block-gallery columns-3 is-cropped\"><ul class=\"blocks-gallery-grid\"><li class=\"blocks-gallery-item\"><figure><img loading=\"lazy\" width=\"1000\" height=\"750\" src=\"https:\/\/www.vacances-luchon.fr\/wp-content\/uploads\/2023\/04\/Gallerie_Luchon_IMG_1923.jpg\" alt=\"\" data-id=\"168\" data-link=\"https:\/\/www.vacances-luchon.fr\/index.php\/preparez-votre-sejour\/gallerie_luchon_img_1923\/\" class=\"wp-image-168\" srcset=\"https:\/\/www.vacances-luchon.fr\/wp-content\/uploads\/2023\/04\/Gallerie_Luchon_IMG_1923.jpg 1000w, https:\/\/www.vacances-luchon.fr\/wp-content\/uploads\/2023\/04\/Gallerie_Luchon_IMG_1923-300x225.jpg 300w, https:\/\/www.vacances-luchon.fr\/wp-content\/uploads\/2023\/04\/Gallerie_Luchon_IMG_1923-768x576.jpg 768w, https:\/\/www.vacances-luchon.fr\/wp-content\/uploads\/2023\/04\/Gallerie_Luchon_IMG_1923-960x720.jpg 960w\" sizes=\"(max-width: 1000px) 100vw, 1000px\" \/><\/figure><\/li><li class=\"blocks-gallery-item\"><figure><img loading=\"lazy\" width=\"1024\" height=\"768\" src=\"https:\/\/www.vacances-luchon.fr\/wp-content\/uploads\/2023\/04\/Gallerie_Luchon_IMG_1931_flt-1024x768.jpg\" alt=\"\" data-id=\"173\" data-link=\"https:\/\/www.vacances-luchon.fr\/index.php\/preparez-votre-sejour\/gallerie_luchon_img_1931_flt\/\" class=\"wp-image-173\" srcset=\"https:\/\/www.vacances-luchon.fr\/wp-content\/uploads\/2023\/04\/Gallerie_Luchon_IMG_1931_flt-1024x768.jpg 1024w, https:\/\/www.vacances-luchon.fr\/wp-content\/uploads\/2023\/04\/Gallerie_Luchon_IMG_1931_flt-300x225.jpg 300w, https:\/\/www.vacances-luchon.fr\/wp-content\/uploads\/2023\/04\/Gallerie_Luchon_IMG_1931_flt-768x576.jpg 768w, https:\/\/www.vacances-luchon.fr\/wp-content\/uploads\/2023\/04\/Gallerie_Luchon_IMG_1931_flt-1536x1152.jpg 1536w, https:\/\/www.vacances-luchon.fr\/wp-content\/uploads\/2023\/04\/Gallerie_Luchon_IMG_1931_flt-2048x1536.jpg 2048w, https:\/\/www.vacances-luchon.fr\/wp-content\/uploads\/2023\/04\/Gallerie_Luchon_IMG_1931_flt-960x720.jpg 960w\" sizes=\"(max-width: 1024px) 100vw, 1024px\" \/><\/figure><\/li><li class=\"blocks-gallery-item\"><figure><img loading=\"lazy\" width=\"750\" height=\"1000\" src=\"https:\/\/www.vacances-luchon.fr\/wp-content\/uploads\/2023\/04\/Gallerie_Luchon_IMG_1878.jpg\" alt=\"\" data-id=\"176\" data-link=\"https:\/\/www.vacances-luchon.fr\/index.php\/preparez-votre-sejour\/gallerie_luchon_img_1878\/\" class=\"wp-image-176\" srcset=\"https:\/\/www.vacances-luchon.fr\/wp-content\/uploads\/2023\/04\/Gallerie_Luchon_IMG_1878.jpg 750w, https:\/\/www.vacances-luchon.fr\/wp-content\/uploads\/2023\/04\/Gallerie_Luchon_IMG_1878-225x300.jpg 225w\" sizes=\"(max-width: 750px) 100vw, 750px\" \/><\/figure><\/li><li class=\"blocks-gallery-item\"><figure><img loading=\"lazy\" width=\"1000\" height=\"750\" src=\"https:\/\/www.vacances-luchon.fr\/wp-content\/uploads\/2023\/04\/Gallerie_Luchon_IMG_1925_flt.jpg\" alt=\"\" data-id=\"177\" data-link=\"https:\/\/www.vacances-luchon.fr\/index.php\/preparez-votre-sejour\/gallerie_luchon_img_1925_flt\/\" class=\"wp-image-177\" srcset=\"https:\/\/www.vacances-luchon.fr\/wp-content\/uploads\/2023\/04\/Gallerie_Luchon_IMG_1925_flt.jpg 1000w, https:\/\/www.vacances-luchon.fr\/wp-content\/uploads\/2023\/04\/Gallerie_Luchon_IMG_1925_flt-300x225.jpg 300w, https:\/\/www.vacances-luchon.fr\/wp-content\/uploads\/2023\/04\/Gallerie_Luchon_IMG_1925_flt-768x576.jpg 768w, https:\/\/www.vacances-luchon.fr\/wp-content\/uploads\/2023\/04\/Gallerie_Luchon_IMG_1925_flt-960x720.jpg 960w\" sizes=\"(max-width: 1000px) 100vw, 1000px\" \/><\/figure><\/li><li class=\"blocks-gallery-item\"><figure><img loading=\"lazy\" width=\"1000\" height=\"750\" src=\"https:\/\/www.vacances-luchon.fr\/wp-content\/uploads\/2023\/04\/Gallerie_Luchon_IMG_1916_flt.jpg\" alt=\"\" data-id=\"178\" data-link=\"https:\/\/www.vacances-luchon.fr\/index.php\/preparez-votre-sejour\/gallerie_luchon_img_1916_flt\/\" class=\"wp-image-178\" srcset=\"https:\/\/www.vacances-luchon.fr\/wp-content\/uploads\/2023\/04\/Gallerie_Luchon_IMG_1916_flt.jpg 1000w, https:\/\/www.vacances-luchon.fr\/wp-content\/uploads\/2023\/04\/Gallerie_Luchon_IMG_1916_flt-300x225.jpg 300w, https:\/\/www.vacances-luchon.fr\/wp-content\/uploads\/2023\/04\/Gallerie_Luchon_IMG_1916_flt-768x576.jpg 768w, https:\/\/www.vacances-luchon.fr\/wp-content\/uploads\/2023\/04\/Gallerie_Luchon_IMG_1916_flt-960x720.jpg 960w\" sizes=\"(max-width: 1000px) 100vw, 1000px\" \/><\/figure><\/li><li class=\"blocks-gallery-item\"><figure><img loading=\"lazy\" width=\"1000\" height=\"750\" src=\"https:\/\/www.vacances-luchon.fr\/wp-content\/uploads\/2023\/04\/Gallerie_Luchon_IMG_1909.jpg\" alt=\"\" data-id=\"181\" data-full-url=\"https:\/\/www.vacances-luchon.fr\/wp-content\/uploads\/2023\/04\/Gallerie_Luchon_IMG_1909.jpg\" data-link=\"https:\/\/www.vacances-luchon.fr\/index.php\/preparez-votre-sejour\/gallerie_luchon_img_1909\/\" class=\"wp-image-181\" srcset=\"https:\/\/www.vacances-luchon.fr\/wp-content\/uploads\/2023\/04\/Gallerie_Luchon_IMG_1909.jpg 1000w, https:\/\/www.vacances-luchon.fr\/wp-content\/uploads\/2023\/04\/Gallerie_Luchon_IMG_1909-300x225.jpg 300w, https:\/\/www.vacances-luchon.fr\/wp-content\/uploads\/2023\/04\/Gallerie_Luchon_IMG_1909-768x576.jpg 768w, https:\/\/www.vacances-luchon.fr\/wp-content\/uploads\/2023\/04\/Gallerie_Luchon_IMG_1909-960x720.jpg 960w\" sizes=\"(max-width: 1000px) 100vw, 1000px\" \/><\/figure><\/li><\/ul><\/figure>\n\n\n\n<h2>Randonn\u00e9es et paysages autour de Luchon<\/h2>\n\n\n\n<h3>l&rsquo;Hospice de France<\/h3>\n\n\n\n<figure class=\"wp-block-gallery columns-3 is-cropped\"><ul class=\"blocks-gallery-grid\"><li class=\"blocks-gallery-item\"><figure><img loading=\"lazy\" width=\"750\" height=\"1000\" src=\"https:\/\/www.vacances-luchon.fr\/wp-content\/uploads\/2023\/04\/Gallerie_hdf_IMG_2135.jpg\" alt=\"\" data-id=\"192\" data-full-url=\"https:\/\/www.vacances-luchon.fr\/wp-content\/uploads\/2023\/04\/Gallerie_hdf_IMG_2135.jpg\" data-link=\"https:\/\/www.vacances-luchon.fr\/index.php\/preparez-votre-sejour\/gallerie_hdf_img_2135\/\" class=\"wp-image-192\" srcset=\"https:\/\/www.vacances-luchon.fr\/wp-content\/uploads\/2023\/04\/Gallerie_hdf_IMG_2135.jpg 750w, https:\/\/www.vacances-luchon.fr\/wp-content\/uploads\/2023\/04\/Gallerie_hdf_IMG_2135-225x300.jpg 225w\" sizes=\"(max-width: 750px) 100vw, 750px\" \/><\/figure><\/li><li class=\"blocks-gallery-item\"><figure><img loading=\"lazy\" width=\"1000\" height=\"750\" src=\"https:\/\/www.vacances-luchon.fr\/wp-content\/uploads\/2023\/04\/Gallerie_hdf_IMG_2129.jpg\" alt=\"\" data-id=\"188\" data-full-url=\"https:\/\/www.vacances-luchon.fr\/wp-content\/uploads\/2023\/04\/Gallerie_hdf_IMG_2129.jpg\" data-link=\"https:\/\/www.vacances-luchon.fr\/index.php\/preparez-votre-sejour\/gallerie_hdf_img_2129\/\" class=\"wp-image-188\" srcset=\"https:\/\/www.vacances-luchon.fr\/wp-content\/uploads\/2023\/04\/Gallerie_hdf_IMG_2129.jpg 1000w, https:\/\/www.vacances-luchon.fr\/wp-content\/uploads\/2023\/04\/Gallerie_hdf_IMG_2129-300x225.jpg 300w, https:\/\/www.vacances-luchon.fr\/wp-content\/uploads\/2023\/04\/Gallerie_hdf_IMG_2129-768x576.jpg 768w, https:\/\/www.vacances-luchon.fr\/wp-content\/uploads\/2023\/04\/Gallerie_hdf_IMG_2129-960x720.jpg 960w\" sizes=\"(max-width: 1000px) 100vw, 1000px\" \/><\/figure><\/li><li class=\"blocks-gallery-item\"><figure><img loading=\"lazy\" width=\"1000\" height=\"750\" src=\"https:\/\/www.vacances-luchon.fr\/wp-content\/uploads\/2023\/04\/Gallerie_hdf_IMG_2126.jpg\" alt=\"\" data-id=\"189\" data-full-url=\"https:\/\/www.vacances-luchon.fr\/wp-content\/uploads\/2023\/04\/Gallerie_hdf_IMG_2126.jpg\" data-link=\"https:\/\/www.vacances-luchon.fr\/index.php\/preparez-votre-sejour\/gallerie_hdf_img_2126\/\" class=\"wp-image-189\" srcset=\"https:\/\/www.vacances-luchon.fr\/wp-content\/uploads\/2023\/04\/Gallerie_hdf_IMG_2126.jpg 1000w, https:\/\/www.vacances-luchon.fr\/wp-content\/uploads\/2023\/04\/Gallerie_hdf_IMG_2126-300x225.jpg 300w, https:\/\/www.vacances-luchon.fr\/wp-content\/uploads\/2023\/04\/Gallerie_hdf_IMG_2126-768x576.jpg 768w, https:\/\/www.vacances-luchon.fr\/wp-content\/uploads\/2023\/04\/Gallerie_hdf_IMG_2126-960x720.jpg 960w\" sizes=\"(max-width: 1000px) 100vw, 1000px\" \/><\/figure><\/li><li class=\"blocks-gallery-item\"><figure><img loading=\"lazy\" width=\"1000\" height=\"750\" src=\"https:\/\/www.vacances-luchon.fr\/wp-content\/uploads\/2023\/04\/Gallerie_hdf_IMG_2125.jpg\" alt=\"\" data-id=\"190\" data-full-url=\"https:\/\/www.vacances-luchon.fr\/wp-content\/uploads\/2023\/04\/Gallerie_hdf_IMG_2125.jpg\" data-link=\"https:\/\/www.vacances-luchon.fr\/index.php\/preparez-votre-sejour\/gallerie_hdf_img_2125\/\" class=\"wp-image-190\" srcset=\"https:\/\/www.vacances-luchon.fr\/wp-content\/uploads\/2023\/04\/Gallerie_hdf_IMG_2125.jpg 1000w, https:\/\/www.vacances-luchon.fr\/wp-content\/uploads\/2023\/04\/Gallerie_hdf_IMG_2125-300x225.jpg 300w, https:\/\/www.vacances-luchon.fr\/wp-content\/uploads\/2023\/04\/Gallerie_hdf_IMG_2125-768x576.jpg 768w, https:\/\/www.vacances-luchon.fr\/wp-content\/uploads\/2023\/04\/Gallerie_hdf_IMG_2125-960x720.jpg 960w\" sizes=\"(max-width: 1000px) 100vw, 1000px\" \/><\/figure><\/li><li class=\"blocks-gallery-item\"><figure><img loading=\"lazy\" width=\"1000\" height=\"750\" src=\"https:\/\/www.vacances-luchon.fr\/wp-content\/uploads\/2023\/04\/Gallerie_hdf_IMG_2134.jpg\" alt=\"\" data-id=\"191\" data-full-url=\"https:\/\/www.vacances-luchon.fr\/wp-content\/uploads\/2023\/04\/Gallerie_hdf_IMG_2134.jpg\" data-link=\"https:\/\/www.vacances-luchon.fr\/index.php\/preparez-votre-sejour\/gallerie_hdf_img_2134\/\" class=\"wp-image-191\" srcset=\"https:\/\/www.vacances-luchon.fr\/wp-content\/uploads\/2023\/04\/Gallerie_hdf_IMG_2134.jpg 1000w, https:\/\/www.vacances-luchon.fr\/wp-content\/uploads\/2023\/04\/Gallerie_hdf_IMG_2134-300x225.jpg 300w, https:\/\/www.vacances-luchon.fr\/wp-content\/uploads\/2023\/04\/Gallerie_hdf_IMG_2134-768x576.jpg 768w, https:\/\/www.vacances-luchon.fr\/wp-content\/uploads\/2023\/04\/Gallerie_hdf_IMG_2134-960x720.jpg 960w\" sizes=\"(max-width: 1000px) 100vw, 1000px\" \/><\/figure><\/li><li class=\"blocks-gallery-item\"><figure><img loading=\"lazy\" width=\"750\" height=\"1000\" src=\"https:\/\/www.vacances-luchon.fr\/wp-content\/uploads\/2023\/04\/Gallerie_hdf_IMG_2130.jpg\" alt=\"\" data-id=\"187\" data-full-url=\"https:\/\/www.vacances-luchon.fr\/wp-content\/uploads\/2023\/04\/Gallerie_hdf_IMG_2130.jpg\" data-link=\"https:\/\/www.vacances-luchon.fr\/index.php\/preparez-votre-sejour\/gallerie_hdf_img_2130\/\" class=\"wp-image-187\" srcset=\"https:\/\/www.vacances-luchon.fr\/wp-content\/uploads\/2023\/04\/Gallerie_hdf_IMG_2130.jpg 750w, https:\/\/www.vacances-luchon.fr\/wp-content\/uploads\/2023\/04\/Gallerie_hdf_IMG_2130-225x300.jpg 225w\" sizes=\"(max-width: 750px) 100vw, 750px\" \/><\/figure><\/li><\/ul><\/figure>\n","protected":false},"excerpt":{"rendered":"<p>Activit\u00e9s \u00e0 proximit\u00e9 En hiver Nombreuses activit\u00e9s sur le domaine skiable de Superbagn\u00e8res: raquettes, ski, snowboard, ski nordique, luge\u2026 Autres stations proches : Peyragudes 12kms; [&#8230;]<\/p>\n","protected":false},"author":1,"featured_media":0,"parent":0,"menu_order":0,"comment_status":"closed","ping_status":"closed","template":"","meta":[],"_links":{"self":[{"href":"https:\/\/www.vacances-luchon.fr\/index.php\/wp-json\/wp\/v2\/pages\/86"}],"collection":[{"href":"https:\/\/www.vacances-luchon.fr\/index.php\/wp-json\/wp\/v2\/pages"}],"about":[{"href":"https:\/\/www.vacances-luchon.fr\/index.php\/wp-json\/wp\/v2\/types\/page"}],"author":[{"embeddable":true,"href":"https:\/\/www.vacances-luchon.fr\/index.php\/wp-json\/wp\/v2\/users\/1"}],"replies":[{"embeddable":true,"href":"https:\/\/www.vacances-luchon.fr\/index.php\/wp-json\/wp\/v2\/comments?post=86"}],"version-history":[{"count":14,"href":"https:\/\/www.vacances-luchon.fr\/index.php\/wp-json\/wp\/v2\/pages\/86\/revisions"}],"predecessor-version":[{"id":195,"href":"https:\/\/www.vacances-luchon.fr\/index.php\/wp-json\/wp\/v2\/pages\/86\/revisions\/195"}],"wp:attachment":[{"href":"https:\/\/www.vacances-luchon.fr\/index.php\/wp-json\/wp\/v2\/media?parent=86"}],"curies":[{"name":"wp","href":"https:\/\/api.w.org\/{rel}","templated":true}]}}