{"id":36,"date":"2021-01-10T19:08:17","date_gmt":"2021-01-10T18:08:17","guid":{"rendered":"http:\/\/ufmumdb.cluster030.hosting.ovh.net\/?page_id=36"},"modified":"2025-08-31T19:02:57","modified_gmt":"2025-08-31T17:02:57","slug":"contactez-nous","status":"publish","type":"page","link":"https:\/\/www.vacances-luchon.fr\/index.php\/contactez-nous\/","title":{"rendered":"Contact et tarifs"},"content":{"rendered":"\n<p><\/p>\n\n\n\n<h2>Nos tarifs pour 2025-2026<\/h2>\n\n\n\n<p>Tarif curistes hors vacances scolaires&nbsp;: 700\u20ac les 3 semaines.<\/p>\n\n\n\n<ul><li>Du samedi 23\/08\/25 au samedi 30\/08\/25 : 430\u20ac par semaine.<\/li><li>Du samedi 30\/08\/25 au samedi 27\/09\/25 : 350\u20ac par semaine.<\/li><li>Du samedi 27\/09\/25 au samedi 01\/11\/25 : 370\u20ac par semaine.<\/li><li>Du samedi 01\/11\/25 au samedi 20\/12\/25 : 400\u20ac par semaine.<\/li><li>Du samedi 20\/12\/25 au samedi 03\/01\/26 : 700\u20ac par semaine.<\/li><li>Du samedi 03\/01\/26 au samedi 07\/02\/26 : 500\u20ac par semaine.<\/li><li>Du samedi 07\/02\/26 au samedi 07\/03\/26 : 700\u20ac par semaine.<\/li><li>Du samedi 07\/03\/26 au samedi 27\/06\/26 : 450\u20ac par semaine.<\/li><li>Du samedi 27\/06\/26 au samedi 04\/07\/26 : 500\u20ac par semaine.<\/li><li>Du samedi 04\/07\/26 au samedi 22\/08\/26 : 600\u20ac par semaine.<\/li><li>Du samedi 22\/08\/26 au samedi 29\/08\/26 : 500\u20ac par semaine.<\/li><\/ul>\n\n\n\n<p>Toutes les charges sont comprises dans le prix de la location.<\/p>\n\n\n\n<p>La taxe de s\u00e9jour est de 1,44\u20ac par jour, par personne de plus de 18 ans.  <\/p>\n\n\n\n<p>Une caution de 300\u20ac non pr\u00e9lev\u00e9e est demand\u00e9e \u00e0 la r\u00e9servation.<\/p>\n\n\n\n<p>Modes de paiement accept\u00e9s: ch\u00e8ques bancaires, virements et ch\u00e8ques vacances.<\/p>\n\n\n\n<h2>Pour nous contacter:<\/h2>\n\n\n\n<p>Pour connaitre les disponibilit\u00e9s, vous pouvez nous contacter via le formulaire ci-dessous. <\/p>\n\n\n\n<div class=\"wp-block-contact-form-7-contact-form-selector\"><div role=\"form\" class=\"wpcf7\" id=\"wpcf7-f38-o1\" lang=\"fr-FR\" dir=\"ltr\">\n<div class=\"screen-reader-response\"><p role=\"status\" aria-live=\"polite\" aria-atomic=\"true\"><\/p> <ul><\/ul><\/div>\n<form action=\"\/index.php\/wp-json\/wp\/v2\/pages\/36#wpcf7-f38-o1\" method=\"post\" class=\"wpcf7-form init\" novalidate=\"novalidate\" data-status=\"init\">\n<div style=\"display: none;\">\n<input type=\"hidden\" name=\"_wpcf7\" value=\"38\" \/>\n<input type=\"hidden\" name=\"_wpcf7_version\" value=\"5.4\" \/>\n<input type=\"hidden\" name=\"_wpcf7_locale\" value=\"fr_FR\" \/>\n<input type=\"hidden\" name=\"_wpcf7_unit_tag\" value=\"wpcf7-f38-o1\" \/>\n<input type=\"hidden\" name=\"_wpcf7_container_post\" value=\"0\" \/>\n<input type=\"hidden\" name=\"_wpcf7_posted_data_hash\" value=\"\" \/>\n<\/div>\n<p><label> Votre nom<br \/>\n    <span class=\"wpcf7-form-control-wrap your-name\"><input type=\"text\" name=\"your-name\" value=\"\" size=\"40\" class=\"wpcf7-form-control wpcf7-text wpcf7-validates-as-required\" aria-required=\"true\" aria-invalid=\"false\" \/><\/span> <\/label><\/p>\n<p><label> Votre adresse de messagerie (champ obligatoire)<br \/>\n    <span class=\"wpcf7-form-control-wrap your-email\"><input type=\"email\" name=\"your-email\" value=\"\" size=\"40\" class=\"wpcf7-form-control wpcf7-text wpcf7-email wpcf7-validates-as-required wpcf7-validates-as-email\" aria-required=\"true\" aria-invalid=\"false\" \/><\/span> <\/label><\/p>\n<p><label> Votre message  (champ obligatoire)<br \/>\n    <span class=\"wpcf7-form-control-wrap your-message\"><textarea name=\"your-message\" cols=\"40\" rows=\"10\" class=\"wpcf7-form-control wpcf7-textarea\" aria-invalid=\"false\"><\/textarea><\/span> <\/label><\/p>\n<p><label> Date d'arriv\u00e9e souhait\u00e9e<br \/>\n    <span class=\"wpcf7-form-control-wrap debut\"><input type=\"date\" name=\"debut\" value=\"\" class=\"wpcf7-form-control wpcf7-date wpcf7-validates-as-date\" aria-invalid=\"false\" \/><\/span> <\/label><\/p>\n<p><label> Date de d\u00e9part souhait\u00e9e<br \/>\n    <span class=\"wpcf7-form-control-wrap fin\"><input type=\"date\" name=\"fin\" value=\"\" class=\"wpcf7-form-control wpcf7-date wpcf7-validates-as-date\" aria-invalid=\"false\" \/><\/span> <\/label><\/p>\n<p><input type=\"submit\" value=\"Envoyer\" class=\"wpcf7-form-control wpcf7-submit\" \/><\/p>\n<div class=\"wpcf7-response-output\" aria-hidden=\"true\"><\/div><\/form><\/div><\/div>\n","protected":false},"excerpt":{"rendered":"<p>Nos tarifs pour 2025-2026 Tarif curistes hors vacances scolaires&nbsp;: 700\u20ac les 3 semaines. Du samedi 23\/08\/25 au samedi 30\/08\/25 : 430\u20ac par semaine. Du samedi [&#8230;]<\/p>\n","protected":false},"author":1,"featured_media":0,"parent":0,"menu_order":0,"comment_status":"closed","ping_status":"closed","template":"","meta":[],"_links":{"self":[{"href":"https:\/\/www.vacances-luchon.fr\/index.php\/wp-json\/wp\/v2\/pages\/36"}],"collection":[{"href":"https:\/\/www.vacances-luchon.fr\/index.php\/wp-json\/wp\/v2\/pages"}],"about":[{"href":"https:\/\/www.vacances-luchon.fr\/index.php\/wp-json\/wp\/v2\/types\/page"}],"author":[{"embeddable":true,"href":"https:\/\/www.vacances-luchon.fr\/index.php\/wp-json\/wp\/v2\/users\/1"}],"replies":[{"embeddable":true,"href":"https:\/\/www.vacances-luchon.fr\/index.php\/wp-json\/wp\/v2\/comments?post=36"}],"version-history":[{"count":31,"href":"https:\/\/www.vacances-luchon.fr\/index.php\/wp-json\/wp\/v2\/pages\/36\/revisions"}],"predecessor-version":[{"id":268,"href":"https:\/\/www.vacances-luchon.fr\/index.php\/wp-json\/wp\/v2\/pages\/36\/revisions\/268"}],"wp:attachment":[{"href":"https:\/\/www.vacances-luchon.fr\/index.php\/wp-json\/wp\/v2\/media?parent=36"}],"curies":[{"name":"wp","href":"https:\/\/api.w.org\/{rel}","templated":true}]}}