{"id":20,"date":"2021-01-10T18:54:11","date_gmt":"2021-01-10T17:54:11","guid":{"rendered":"http:\/\/ufmumdb.cluster030.hosting.ovh.net\/?page_id=20"},"modified":"2025-09-14T18:12:47","modified_gmt":"2025-09-14T16:12:47","slug":"lappartement","status":"publish","type":"page","link":"https:\/\/www.vacances-luchon.fr\/index.php\/lappartement\/","title":{"rendered":"L&rsquo;appartement et la r\u00e9sidence"},"content":{"rendered":"\n<p>Notre appartement class\u00e9 3*** est id\u00e9al pour 4 \u00e0 5 personnes (possibilit\u00e9 de 6 couchages)<br>Un animal de compagnie est accept\u00e9 apr\u00e8s notre accord.<\/p>\n\n\n\n<p>Situ\u00e9e \u00e0 l\u2019entr\u00e9e de la ville, non loin du lac de Badech, la r\u00e9sidence jouxte une zone artisanale, un supermarch\u00e9 et une pharmacie se trouvent \u00e0 500m. Le centre-ville, point de d\u00e9part de la t\u00e9l\u00e9cabine \u00e0 1,5km.<br>Parking ext\u00e9rieur dans l\u2019enceinte de la r\u00e9sidence.<br>Terrain de p\u00e9tanque, table de ping-pong.(nous pr\u00eatons les raquettes et les balles)<br>R\u00e2telier \u00e0 v\u00e9los abrit\u00e9 au bas du b\u00e2timent.<br>Arr\u00eat devant la r\u00e9sidence de la navette thermale.<br>La piscine est ouverte de mi juin \u00e0 mi septembre.<\/p>\n\n\n\n<p>L\u2019appartement de 40m2 environ avec un balcon de 8m2 environ offre le confort n\u00e9cessaire pour passer un agr\u00e9able s\u00e9jour. Il est dot\u00e9 d&rsquo;une connexion internet priv\u00e9e mise \u00e0 votre disposition gratuitement.<br>Pour le bien-\u00eatre de tous, il est non-fumeur et les f\u00eates ne sont pas autoris\u00e9es.<\/p>\n\n\n\n<div class=\"wp-block-group\"><div class=\"wp-block-group__inner-container\">\n<div class=\"wp-block-group\"><div class=\"wp-block-group__inner-container\">\n<p>L\u2019appartement se situe au premier \u00e9tage du b\u00e2timent (acc\u00e8s par un large escalier)<br>Il se compose :<\/p>\n\n\n\n<ul><li>D&rsquo;une entr\u00e9e avec placard penderie.<\/li><li>Donnant sur le balcon, un salon-s\u00e9jour avec un canap\u00e9 2 couchages , 1 t\u00e9l\u00e9viseur et 1 lecteur DVD.<\/li><li>Ouvert sur le salon-s\u00e9jour, un espace repas avec un coin cuisine int\u00e9gr\u00e9e : lave-linge, four conventionnel, plaque vitroc\u00e9ramique, lave-vaisselle, micro-onde, r\u00e9frig\u00e9rateur avec compartiment cong\u00e9lateur, cafeti\u00e8res filtre et Senseo, bouilloire, grille-pain, service \u00e0 raclette, service \u00e0 fondue, pied mixeur, vaisselle, ustensiles de cuisine et produits d\u2019entretien m\u00e9nager.<\/li><li>Une chambre 1 lit en 140 et un grand placard de rangement (\u00e9tag\u00e8res + penderie).<\/li><li>Une chambre avec 2 lits superpos\u00e9s + 1 lit tiroir, un placard de rangement et un portant pour v\u00eatements<\/li><li>A disposition une couverture, une couette et oreiller pour chaque couchage.<\/li><li>Les 2 chambres sont s\u00e9par\u00e9es par l&rsquo;espace s\u00e9jour.<\/li><li>Un WC ind\u00e9pendant.<\/li><li>Une salle de bain avec barres de s\u00e9curit\u00e9 pour la baignoire, un radiateur s\u00e8che-serviettes, et un s\u00e8che- cheveux.<\/li><li>Le placard \u00e0 skis priv\u00e9 se trouve sur la coursive \u00e0 c\u00f4t\u00e9 de la porte d\u2019entr\u00e9e.<\/li><\/ul>\n\n\n\n<p>Pour les tout-petits:<\/p>\n<\/div><\/div>\n<\/div><\/div>\n\n\n\n<ul><li>Matelas \u00e0 langer \u00e0 poser.<\/li><li>Lit parapluie.<\/li><li>Rehausseur chaise pour enfant.<\/li><li>Pot de toilette.<\/li><\/ul>\n\n\n\n<p>Autres \u00e9quipements:<\/p>\n\n\n\n<ul><li>Cintres dans les penderies.<\/li><li>Salon de jardin pour le balcon.<\/li><li>Aspirateur.<\/li><li>\u00c9tendoir + pinces \u00e0 linge.<\/li><li>Fer \u00e0 repasser.<\/li><li>Table \u00e0 repasser (\u00e0 poser sur une table)<\/li><\/ul>\n\n\n\n<h2>Services optionels<\/h2>\n\n\n\n<ul><li>Location linge de lit et de toilette.<\/li><li>M\u00e9nage en cours de s\u00e9jour.<\/li><li>M\u00e9nage de fin de s\u00e9jour<\/li><\/ul>\n\n\n\n<figure class=\"wp-block-gallery columns-3 is-cropped\"><ul class=\"blocks-gallery-grid\"><li class=\"blocks-gallery-item\"><figure><img loading=\"lazy\" width=\"1024\" height=\"768\" src=\"https:\/\/www.vacances-luchon.fr\/wp-content\/uploads\/2024\/08\/IMG_1380-1024x768.jpeg\" alt=\"\" data-id=\"235\" data-link=\"https:\/\/www.vacances-luchon.fr\/index.php\/lappartement\/img_1380\/\" class=\"wp-image-235\" srcset=\"https:\/\/www.vacances-luchon.fr\/wp-content\/uploads\/2024\/08\/IMG_1380-1024x768.jpeg 1024w, https:\/\/www.vacances-luchon.fr\/wp-content\/uploads\/2024\/08\/IMG_1380-300x225.jpeg 300w, https:\/\/www.vacances-luchon.fr\/wp-content\/uploads\/2024\/08\/IMG_1380-768x576.jpeg 768w, https:\/\/www.vacances-luchon.fr\/wp-content\/uploads\/2024\/08\/IMG_1380-1536x1152.jpeg 1536w, https:\/\/www.vacances-luchon.fr\/wp-content\/uploads\/2024\/08\/IMG_1380-960x720.jpeg 960w, https:\/\/www.vacances-luchon.fr\/wp-content\/uploads\/2024\/08\/IMG_1380.jpeg 2048w\" sizes=\"(max-width: 1024px) 100vw, 1024px\" \/><\/figure><\/li><li class=\"blocks-gallery-item\"><figure><img loading=\"lazy\" width=\"1000\" height=\"750\" src=\"https:\/\/www.vacances-luchon.fr\/wp-content\/uploads\/2023\/04\/Gallerie_appart_IMG_2579.jpg\" alt=\"\" data-id=\"146\" data-link=\"https:\/\/www.vacances-luchon.fr\/index.php\/lappartement\/gallerie_appart_img_2579\/\" class=\"wp-image-146\" srcset=\"https:\/\/www.vacances-luchon.fr\/wp-content\/uploads\/2023\/04\/Gallerie_appart_IMG_2579.jpg 1000w, https:\/\/www.vacances-luchon.fr\/wp-content\/uploads\/2023\/04\/Gallerie_appart_IMG_2579-300x225.jpg 300w, https:\/\/www.vacances-luchon.fr\/wp-content\/uploads\/2023\/04\/Gallerie_appart_IMG_2579-768x576.jpg 768w, https:\/\/www.vacances-luchon.fr\/wp-content\/uploads\/2023\/04\/Gallerie_appart_IMG_2579-960x720.jpg 960w\" sizes=\"(max-width: 1000px) 100vw, 1000px\" \/><\/figure><\/li><li class=\"blocks-gallery-item\"><figure><img loading=\"lazy\" width=\"1024\" height=\"768\" src=\"https:\/\/www.vacances-luchon.fr\/wp-content\/uploads\/2021\/12\/IMG_2034-1024x768.jpg\" alt=\"\" data-id=\"54\" data-link=\"https:\/\/www.vacances-luchon.fr\/index.php\/lappartement\/img_2034\/\" class=\"wp-image-54\" srcset=\"https:\/\/www.vacances-luchon.fr\/wp-content\/uploads\/2021\/12\/IMG_2034-1024x768.jpg 1024w, https:\/\/www.vacances-luchon.fr\/wp-content\/uploads\/2021\/12\/IMG_2034-300x225.jpg 300w, https:\/\/www.vacances-luchon.fr\/wp-content\/uploads\/2021\/12\/IMG_2034-768x576.jpg 768w, https:\/\/www.vacances-luchon.fr\/wp-content\/uploads\/2021\/12\/IMG_2034-1536x1152.jpg 1536w, https:\/\/www.vacances-luchon.fr\/wp-content\/uploads\/2021\/12\/IMG_2034-2048x1536.jpg 2048w, https:\/\/www.vacances-luchon.fr\/wp-content\/uploads\/2021\/12\/IMG_2034-960x720.jpg 960w\" sizes=\"(max-width: 1024px) 100vw, 1024px\" \/><\/figure><\/li><li class=\"blocks-gallery-item\"><figure><img loading=\"lazy\" width=\"768\" height=\"1024\" src=\"https:\/\/www.vacances-luchon.fr\/wp-content\/uploads\/2024\/08\/IMG_3172_red-1-768x1024.png\" alt=\"\" data-id=\"249\" data-link=\"https:\/\/www.vacances-luchon.fr\/index.php\/lappartement\/img_3172_red-1\/\" class=\"wp-image-249\" srcset=\"https:\/\/www.vacances-luchon.fr\/wp-content\/uploads\/2024\/08\/IMG_3172_red-1-768x1024.png 768w, https:\/\/www.vacances-luchon.fr\/wp-content\/uploads\/2024\/08\/IMG_3172_red-1-225x300.png 225w, https:\/\/www.vacances-luchon.fr\/wp-content\/uploads\/2024\/08\/IMG_3172_red-1.png 810w\" sizes=\"(max-width: 768px) 100vw, 768px\" \/><\/figure><\/li><li class=\"blocks-gallery-item\"><figure><img loading=\"lazy\" width=\"768\" height=\"1024\" src=\"https:\/\/www.vacances-luchon.fr\/wp-content\/uploads\/2024\/08\/IMG_3173_red-1-768x1024.png\" alt=\"\" data-id=\"250\" data-link=\"https:\/\/www.vacances-luchon.fr\/index.php\/lappartement\/img_3173_red-1\/\" class=\"wp-image-250\" srcset=\"https:\/\/www.vacances-luchon.fr\/wp-content\/uploads\/2024\/08\/IMG_3173_red-1-768x1024.png 768w, https:\/\/www.vacances-luchon.fr\/wp-content\/uploads\/2024\/08\/IMG_3173_red-1-225x300.png 225w, https:\/\/www.vacances-luchon.fr\/wp-content\/uploads\/2024\/08\/IMG_3173_red-1.png 810w\" sizes=\"(max-width: 768px) 100vw, 768px\" \/><\/figure><\/li><li class=\"blocks-gallery-item\"><figure><img loading=\"lazy\" width=\"1024\" height=\"768\" src=\"https:\/\/www.vacances-luchon.fr\/wp-content\/uploads\/2024\/08\/IMG_3304-1024x768.jpeg\" alt=\"\" data-id=\"237\" data-link=\"https:\/\/www.vacances-luchon.fr\/index.php\/lappartement\/img_3304\/\" class=\"wp-image-237\" srcset=\"https:\/\/www.vacances-luchon.fr\/wp-content\/uploads\/2024\/08\/IMG_3304-1024x768.jpeg 1024w, https:\/\/www.vacances-luchon.fr\/wp-content\/uploads\/2024\/08\/IMG_3304-300x225.jpeg 300w, https:\/\/www.vacances-luchon.fr\/wp-content\/uploads\/2024\/08\/IMG_3304-768x576.jpeg 768w, https:\/\/www.vacances-luchon.fr\/wp-content\/uploads\/2024\/08\/IMG_3304-1536x1152.jpeg 1536w, https:\/\/www.vacances-luchon.fr\/wp-content\/uploads\/2024\/08\/IMG_3304-960x720.jpeg 960w, https:\/\/www.vacances-luchon.fr\/wp-content\/uploads\/2024\/08\/IMG_3304.jpeg 2048w\" sizes=\"(max-width: 1024px) 100vw, 1024px\" \/><\/figure><\/li><li class=\"blocks-gallery-item\"><figure><img loading=\"lazy\" width=\"1024\" height=\"768\" src=\"https:\/\/www.vacances-luchon.fr\/wp-content\/uploads\/2024\/08\/IMG_3301-1024x768.jpeg\" alt=\"\" data-id=\"236\" data-link=\"https:\/\/www.vacances-luchon.fr\/index.php\/lappartement\/img_3301\/\" class=\"wp-image-236\" srcset=\"https:\/\/www.vacances-luchon.fr\/wp-content\/uploads\/2024\/08\/IMG_3301-1024x768.jpeg 1024w, https:\/\/www.vacances-luchon.fr\/wp-content\/uploads\/2024\/08\/IMG_3301-300x225.jpeg 300w, https:\/\/www.vacances-luchon.fr\/wp-content\/uploads\/2024\/08\/IMG_3301-768x576.jpeg 768w, https:\/\/www.vacances-luchon.fr\/wp-content\/uploads\/2024\/08\/IMG_3301-1536x1152.jpeg 1536w, https:\/\/www.vacances-luchon.fr\/wp-content\/uploads\/2024\/08\/IMG_3301-960x720.jpeg 960w, https:\/\/www.vacances-luchon.fr\/wp-content\/uploads\/2024\/08\/IMG_3301.jpeg 2048w\" sizes=\"(max-width: 1024px) 100vw, 1024px\" \/><\/figure><\/li><li class=\"blocks-gallery-item\"><figure><img loading=\"lazy\" width=\"1024\" height=\"768\" src=\"https:\/\/www.vacances-luchon.fr\/wp-content\/uploads\/2024\/08\/IMG_3306-1024x768.jpeg\" alt=\"\" data-id=\"239\" data-link=\"https:\/\/www.vacances-luchon.fr\/index.php\/lappartement\/img_3306\/\" class=\"wp-image-239\" srcset=\"https:\/\/www.vacances-luchon.fr\/wp-content\/uploads\/2024\/08\/IMG_3306-1024x768.jpeg 1024w, https:\/\/www.vacances-luchon.fr\/wp-content\/uploads\/2024\/08\/IMG_3306-300x225.jpeg 300w, https:\/\/www.vacances-luchon.fr\/wp-content\/uploads\/2024\/08\/IMG_3306-768x576.jpeg 768w, https:\/\/www.vacances-luchon.fr\/wp-content\/uploads\/2024\/08\/IMG_3306-1536x1152.jpeg 1536w, https:\/\/www.vacances-luchon.fr\/wp-content\/uploads\/2024\/08\/IMG_3306-960x720.jpeg 960w, https:\/\/www.vacances-luchon.fr\/wp-content\/uploads\/2024\/08\/IMG_3306.jpeg 2048w\" sizes=\"(max-width: 1024px) 100vw, 1024px\" \/><\/figure><\/li><li class=\"blocks-gallery-item\"><figure><img loading=\"lazy\" width=\"1000\" height=\"750\" src=\"https:\/\/www.vacances-luchon.fr\/wp-content\/uploads\/2021\/01\/Gallerie_appart_DSCN6394.jpg\" alt=\"\" data-id=\"26\" data-link=\"https:\/\/www.vacances-luchon.fr\/gallerie_appart_dscn6394\/\" class=\"wp-image-26\" srcset=\"https:\/\/www.vacances-luchon.fr\/wp-content\/uploads\/2021\/01\/Gallerie_appart_DSCN6394.jpg 1000w, https:\/\/www.vacances-luchon.fr\/wp-content\/uploads\/2021\/01\/Gallerie_appart_DSCN6394-300x225.jpg 300w, https:\/\/www.vacances-luchon.fr\/wp-content\/uploads\/2021\/01\/Gallerie_appart_DSCN6394-768x576.jpg 768w, https:\/\/www.vacances-luchon.fr\/wp-content\/uploads\/2021\/01\/Gallerie_appart_DSCN6394-960x720.jpg 960w\" sizes=\"(max-width: 1000px) 100vw, 1000px\" \/><\/figure><\/li><li class=\"blocks-gallery-item\"><figure><img loading=\"lazy\" width=\"768\" height=\"1024\" src=\"https:\/\/www.vacances-luchon.fr\/wp-content\/uploads\/2024\/08\/IMG_3307-768x1024.jpg\" alt=\"\" data-id=\"240\" data-link=\"https:\/\/www.vacances-luchon.fr\/index.php\/lappartement\/img_3307\/\" class=\"wp-image-240\" srcset=\"https:\/\/www.vacances-luchon.fr\/wp-content\/uploads\/2024\/08\/IMG_3307-768x1024.jpg 768w, https:\/\/www.vacances-luchon.fr\/wp-content\/uploads\/2024\/08\/IMG_3307-225x300.jpg 225w, https:\/\/www.vacances-luchon.fr\/wp-content\/uploads\/2024\/08\/IMG_3307-1152x1536.jpg 1152w, https:\/\/www.vacances-luchon.fr\/wp-content\/uploads\/2024\/08\/IMG_3307-1536x2048.jpg 1536w, https:\/\/www.vacances-luchon.fr\/wp-content\/uploads\/2024\/08\/IMG_3307-scaled.jpg 1920w\" sizes=\"(max-width: 768px) 100vw, 768px\" \/><\/figure><\/li><li class=\"blocks-gallery-item\"><figure><img loading=\"lazy\" width=\"1024\" height=\"768\" src=\"https:\/\/www.vacances-luchon.fr\/wp-content\/uploads\/2021\/12\/IMG_2249-1024x768.jpg\" alt=\"\" data-id=\"51\" data-link=\"https:\/\/www.vacances-luchon.fr\/index.php\/lappartement\/img_2249\/\" class=\"wp-image-51\" srcset=\"https:\/\/www.vacances-luchon.fr\/wp-content\/uploads\/2021\/12\/IMG_2249-1024x768.jpg 1024w, https:\/\/www.vacances-luchon.fr\/wp-content\/uploads\/2021\/12\/IMG_2249-300x225.jpg 300w, https:\/\/www.vacances-luchon.fr\/wp-content\/uploads\/2021\/12\/IMG_2249-768x576.jpg 768w, https:\/\/www.vacances-luchon.fr\/wp-content\/uploads\/2021\/12\/IMG_2249-1536x1152.jpg 1536w, https:\/\/www.vacances-luchon.fr\/wp-content\/uploads\/2021\/12\/IMG_2249-2048x1536.jpg 2048w, https:\/\/www.vacances-luchon.fr\/wp-content\/uploads\/2021\/12\/IMG_2249-960x720.jpg 960w\" sizes=\"(max-width: 1024px) 100vw, 1024px\" \/><\/figure><\/li><li class=\"blocks-gallery-item\"><figure><img loading=\"lazy\" width=\"1000\" height=\"750\" src=\"https:\/\/www.vacances-luchon.fr\/wp-content\/uploads\/2023\/04\/Gallerie_appart_IMG_1686.jpg\" alt=\"\" data-id=\"149\" data-link=\"https:\/\/www.vacances-luchon.fr\/index.php\/lappartement\/gallerie_appart_img_1686\/\" class=\"wp-image-149\" srcset=\"https:\/\/www.vacances-luchon.fr\/wp-content\/uploads\/2023\/04\/Gallerie_appart_IMG_1686.jpg 1000w, https:\/\/www.vacances-luchon.fr\/wp-content\/uploads\/2023\/04\/Gallerie_appart_IMG_1686-300x225.jpg 300w, https:\/\/www.vacances-luchon.fr\/wp-content\/uploads\/2023\/04\/Gallerie_appart_IMG_1686-768x576.jpg 768w, https:\/\/www.vacances-luchon.fr\/wp-content\/uploads\/2023\/04\/Gallerie_appart_IMG_1686-960x720.jpg 960w\" sizes=\"(max-width: 1000px) 100vw, 1000px\" \/><\/figure><\/li><li class=\"blocks-gallery-item\"><figure><img loading=\"lazy\" width=\"768\" height=\"1024\" src=\"https:\/\/www.vacances-luchon.fr\/wp-content\/uploads\/2024\/08\/IMG_3310_red-768x1024.png\" alt=\"\" data-id=\"241\" data-link=\"https:\/\/www.vacances-luchon.fr\/index.php\/lappartement\/img_3310_red\/\" class=\"wp-image-241\" srcset=\"https:\/\/www.vacances-luchon.fr\/wp-content\/uploads\/2024\/08\/IMG_3310_red-768x1024.png 768w, https:\/\/www.vacances-luchon.fr\/wp-content\/uploads\/2024\/08\/IMG_3310_red-225x300.png 225w, https:\/\/www.vacances-luchon.fr\/wp-content\/uploads\/2024\/08\/IMG_3310_red.png 810w\" sizes=\"(max-width: 768px) 100vw, 768px\" \/><\/figure><\/li><li class=\"blocks-gallery-item\"><figure><img loading=\"lazy\" width=\"679\" height=\"739\" src=\"https:\/\/www.vacances-luchon.fr\/wp-content\/uploads\/2023\/04\/Plan-appart.-B108.jpg\" alt=\"\" data-id=\"156\" data-link=\"https:\/\/www.vacances-luchon.fr\/index.php\/lappartement\/plan-appart-b108\/\" class=\"wp-image-156\" srcset=\"https:\/\/www.vacances-luchon.fr\/wp-content\/uploads\/2023\/04\/Plan-appart.-B108.jpg 679w, https:\/\/www.vacances-luchon.fr\/wp-content\/uploads\/2023\/04\/Plan-appart.-B108-276x300.jpg 276w\" sizes=\"(max-width: 679px) 100vw, 679px\" \/><\/figure><\/li><li class=\"blocks-gallery-item\"><figure><img loading=\"lazy\" width=\"1000\" height=\"750\" src=\"https:\/\/www.vacances-luchon.fr\/wp-content\/uploads\/2021\/01\/Gallerie_appart_DSCN6284.jpg\" alt=\"\" data-id=\"24\" data-link=\"https:\/\/www.vacances-luchon.fr\/gallerie_appart_dscn6284\/\" class=\"wp-image-24\" srcset=\"https:\/\/www.vacances-luchon.fr\/wp-content\/uploads\/2021\/01\/Gallerie_appart_DSCN6284.jpg 1000w, https:\/\/www.vacances-luchon.fr\/wp-content\/uploads\/2021\/01\/Gallerie_appart_DSCN6284-300x225.jpg 300w, https:\/\/www.vacances-luchon.fr\/wp-content\/uploads\/2021\/01\/Gallerie_appart_DSCN6284-768x576.jpg 768w, https:\/\/www.vacances-luchon.fr\/wp-content\/uploads\/2021\/01\/Gallerie_appart_DSCN6284-960x720.jpg 960w\" sizes=\"(max-width: 1000px) 100vw, 1000px\" \/><\/figure><\/li><li class=\"blocks-gallery-item\"><figure><img loading=\"lazy\" width=\"1024\" height=\"768\" src=\"https:\/\/www.vacances-luchon.fr\/wp-content\/uploads\/2024\/08\/IMG_3627_red-1024x768.png\" alt=\"\" data-id=\"254\" data-full-url=\"https:\/\/www.vacances-luchon.fr\/wp-content\/uploads\/2024\/08\/IMG_3627_red.png\" data-link=\"https:\/\/www.vacances-luchon.fr\/index.php\/lappartement\/img_3627_red\/\" class=\"wp-image-254\" srcset=\"https:\/\/www.vacances-luchon.fr\/wp-content\/uploads\/2024\/08\/IMG_3627_red-1024x768.png 1024w, https:\/\/www.vacances-luchon.fr\/wp-content\/uploads\/2024\/08\/IMG_3627_red-300x225.png 300w, https:\/\/www.vacances-luchon.fr\/wp-content\/uploads\/2024\/08\/IMG_3627_red-768x576.png 768w, https:\/\/www.vacances-luchon.fr\/wp-content\/uploads\/2024\/08\/IMG_3627_red-960x720.png 960w, https:\/\/www.vacances-luchon.fr\/wp-content\/uploads\/2024\/08\/IMG_3627_red.png 1080w\" sizes=\"(max-width: 1024px) 100vw, 1024px\" \/><\/figure><\/li><\/ul><\/figure>\n\n\n\n<h1>A proximit\u00e9 de la r\u00e9sidence<\/h1>\n\n\n\n<figure class=\"wp-block-gallery columns-3 is-cropped\"><ul class=\"blocks-gallery-grid\"><li class=\"blocks-gallery-item\"><figure><img loading=\"lazy\" width=\"1000\" height=\"750\" src=\"https:\/\/www.vacances-luchon.fr\/wp-content\/uploads\/2023\/04\/Gallerie_proxi_IMG_2625.jpg\" alt=\"\" data-id=\"179\" data-link=\"https:\/\/www.vacances-luchon.fr\/index.php\/lappartement\/gallerie_proxi_img_2625\/\" class=\"wp-image-179\" srcset=\"https:\/\/www.vacances-luchon.fr\/wp-content\/uploads\/2023\/04\/Gallerie_proxi_IMG_2625.jpg 1000w, https:\/\/www.vacances-luchon.fr\/wp-content\/uploads\/2023\/04\/Gallerie_proxi_IMG_2625-300x225.jpg 300w, https:\/\/www.vacances-luchon.fr\/wp-content\/uploads\/2023\/04\/Gallerie_proxi_IMG_2625-768x576.jpg 768w, https:\/\/www.vacances-luchon.fr\/wp-content\/uploads\/2023\/04\/Gallerie_proxi_IMG_2625-960x720.jpg 960w\" sizes=\"(max-width: 1000px) 100vw, 1000px\" \/><\/figure><\/li><li class=\"blocks-gallery-item\"><figure><img loading=\"lazy\" width=\"1024\" height=\"768\" src=\"https:\/\/www.vacances-luchon.fr\/wp-content\/uploads\/2024\/08\/IMG_1370-1024x768.jpeg\" alt=\"\" data-id=\"231\" data-link=\"https:\/\/www.vacances-luchon.fr\/index.php\/lappartement\/img_1370\/\" class=\"wp-image-231\" srcset=\"https:\/\/www.vacances-luchon.fr\/wp-content\/uploads\/2024\/08\/IMG_1370-1024x768.jpeg 1024w, https:\/\/www.vacances-luchon.fr\/wp-content\/uploads\/2024\/08\/IMG_1370-300x225.jpeg 300w, https:\/\/www.vacances-luchon.fr\/wp-content\/uploads\/2024\/08\/IMG_1370-768x576.jpeg 768w, https:\/\/www.vacances-luchon.fr\/wp-content\/uploads\/2024\/08\/IMG_1370-1536x1152.jpeg 1536w, https:\/\/www.vacances-luchon.fr\/wp-content\/uploads\/2024\/08\/IMG_1370-960x720.jpeg 960w, https:\/\/www.vacances-luchon.fr\/wp-content\/uploads\/2024\/08\/IMG_1370.jpeg 2048w\" sizes=\"(max-width: 1024px) 100vw, 1024px\" \/><\/figure><\/li><li class=\"blocks-gallery-item\"><figure><img loading=\"lazy\" width=\"1024\" height=\"768\" src=\"https:\/\/www.vacances-luchon.fr\/wp-content\/uploads\/2024\/08\/IMG_1373-1024x768.jpeg\" alt=\"\" data-id=\"232\" data-link=\"https:\/\/www.vacances-luchon.fr\/index.php\/lappartement\/img_1373\/\" class=\"wp-image-232\" srcset=\"https:\/\/www.vacances-luchon.fr\/wp-content\/uploads\/2024\/08\/IMG_1373-1024x768.jpeg 1024w, https:\/\/www.vacances-luchon.fr\/wp-content\/uploads\/2024\/08\/IMG_1373-300x225.jpeg 300w, https:\/\/www.vacances-luchon.fr\/wp-content\/uploads\/2024\/08\/IMG_1373-768x576.jpeg 768w, https:\/\/www.vacances-luchon.fr\/wp-content\/uploads\/2024\/08\/IMG_1373-1536x1152.jpeg 1536w, https:\/\/www.vacances-luchon.fr\/wp-content\/uploads\/2024\/08\/IMG_1373-960x720.jpeg 960w, https:\/\/www.vacances-luchon.fr\/wp-content\/uploads\/2024\/08\/IMG_1373.jpeg 2048w\" sizes=\"(max-width: 1024px) 100vw, 1024px\" \/><\/figure><\/li><li class=\"blocks-gallery-item\"><figure><img loading=\"lazy\" width=\"1024\" height=\"768\" src=\"https:\/\/www.vacances-luchon.fr\/wp-content\/uploads\/2024\/08\/IMG_3604_red-1024x768.png\" alt=\"\" data-id=\"251\" data-full-url=\"https:\/\/www.vacances-luchon.fr\/wp-content\/uploads\/2024\/08\/IMG_3604_red.png\" data-link=\"https:\/\/www.vacances-luchon.fr\/index.php\/lappartement\/img_3604_red\/\" class=\"wp-image-251\" srcset=\"https:\/\/www.vacances-luchon.fr\/wp-content\/uploads\/2024\/08\/IMG_3604_red-1024x768.png 1024w, https:\/\/www.vacances-luchon.fr\/wp-content\/uploads\/2024\/08\/IMG_3604_red-300x225.png 300w, https:\/\/www.vacances-luchon.fr\/wp-content\/uploads\/2024\/08\/IMG_3604_red-768x576.png 768w, https:\/\/www.vacances-luchon.fr\/wp-content\/uploads\/2024\/08\/IMG_3604_red-960x720.png 960w, https:\/\/www.vacances-luchon.fr\/wp-content\/uploads\/2024\/08\/IMG_3604_red.png 1080w\" sizes=\"(max-width: 1024px) 100vw, 1024px\" \/><\/figure><\/li><li class=\"blocks-gallery-item\"><figure><img loading=\"lazy\" width=\"1024\" height=\"768\" src=\"https:\/\/www.vacances-luchon.fr\/wp-content\/uploads\/2024\/08\/IMG_1374-1024x768.jpeg\" alt=\"\" data-id=\"233\" data-link=\"https:\/\/www.vacances-luchon.fr\/index.php\/lappartement\/img_1374\/\" class=\"wp-image-233\" srcset=\"https:\/\/www.vacances-luchon.fr\/wp-content\/uploads\/2024\/08\/IMG_1374-1024x768.jpeg 1024w, https:\/\/www.vacances-luchon.fr\/wp-content\/uploads\/2024\/08\/IMG_1374-300x225.jpeg 300w, https:\/\/www.vacances-luchon.fr\/wp-content\/uploads\/2024\/08\/IMG_1374-768x576.jpeg 768w, https:\/\/www.vacances-luchon.fr\/wp-content\/uploads\/2024\/08\/IMG_1374-1536x1152.jpeg 1536w, https:\/\/www.vacances-luchon.fr\/wp-content\/uploads\/2024\/08\/IMG_1374-960x720.jpeg 960w, https:\/\/www.vacances-luchon.fr\/wp-content\/uploads\/2024\/08\/IMG_1374.jpeg 2048w\" sizes=\"(max-width: 1024px) 100vw, 1024px\" \/><\/figure><\/li><li class=\"blocks-gallery-item\"><figure><img loading=\"lazy\" width=\"768\" height=\"1024\" src=\"https:\/\/www.vacances-luchon.fr\/wp-content\/uploads\/2024\/08\/IMG_1375-768x1024.jpeg\" alt=\"\" data-id=\"234\" data-link=\"https:\/\/www.vacances-luchon.fr\/index.php\/lappartement\/img_1375\/\" class=\"wp-image-234\" srcset=\"https:\/\/www.vacances-luchon.fr\/wp-content\/uploads\/2024\/08\/IMG_1375-768x1024.jpeg 768w, https:\/\/www.vacances-luchon.fr\/wp-content\/uploads\/2024\/08\/IMG_1375-225x300.jpeg 225w, https:\/\/www.vacances-luchon.fr\/wp-content\/uploads\/2024\/08\/IMG_1375-1152x1536.jpeg 1152w, https:\/\/www.vacances-luchon.fr\/wp-content\/uploads\/2024\/08\/IMG_1375.jpeg 1536w\" sizes=\"(max-width: 768px) 100vw, 768px\" \/><\/figure><\/li><li class=\"blocks-gallery-item\"><figure><img loading=\"lazy\" width=\"1024\" height=\"768\" src=\"https:\/\/www.vacances-luchon.fr\/wp-content\/uploads\/2024\/08\/IMG_3616_red-1024x768.png\" alt=\"\" data-id=\"252\" data-full-url=\"https:\/\/www.vacances-luchon.fr\/wp-content\/uploads\/2024\/08\/IMG_3616_red.png\" data-link=\"https:\/\/www.vacances-luchon.fr\/index.php\/lappartement\/img_3616_red\/\" class=\"wp-image-252\" srcset=\"https:\/\/www.vacances-luchon.fr\/wp-content\/uploads\/2024\/08\/IMG_3616_red-1024x768.png 1024w, https:\/\/www.vacances-luchon.fr\/wp-content\/uploads\/2024\/08\/IMG_3616_red-300x225.png 300w, https:\/\/www.vacances-luchon.fr\/wp-content\/uploads\/2024\/08\/IMG_3616_red-768x576.png 768w, https:\/\/www.vacances-luchon.fr\/wp-content\/uploads\/2024\/08\/IMG_3616_red-960x720.png 960w, https:\/\/www.vacances-luchon.fr\/wp-content\/uploads\/2024\/08\/IMG_3616_red.png 1080w\" sizes=\"(max-width: 1024px) 100vw, 1024px\" \/><\/figure><\/li><\/ul><\/figure>\n\n\n\n<p><\/p>\n","protected":false},"excerpt":{"rendered":"<p>Notre appartement class\u00e9 3*** est id\u00e9al pour 4 \u00e0 5 personnes (possibilit\u00e9 de 6 couchages)Un animal de compagnie est accept\u00e9 apr\u00e8s notre accord. Situ\u00e9e \u00e0 [&#8230;]<\/p>\n","protected":false},"author":1,"featured_media":0,"parent":0,"menu_order":0,"comment_status":"closed","ping_status":"closed","template":"","meta":[],"_links":{"self":[{"href":"https:\/\/www.vacances-luchon.fr\/index.php\/wp-json\/wp\/v2\/pages\/20"}],"collection":[{"href":"https:\/\/www.vacances-luchon.fr\/index.php\/wp-json\/wp\/v2\/pages"}],"about":[{"href":"https:\/\/www.vacances-luchon.fr\/index.php\/wp-json\/wp\/v2\/types\/page"}],"author":[{"embeddable":true,"href":"https:\/\/www.vacances-luchon.fr\/index.php\/wp-json\/wp\/v2\/users\/1"}],"replies":[{"embeddable":true,"href":"https:\/\/www.vacances-luchon.fr\/index.php\/wp-json\/wp\/v2\/comments?post=20"}],"version-history":[{"count":56,"href":"https:\/\/www.vacances-luchon.fr\/index.php\/wp-json\/wp\/v2\/pages\/20\/revisions"}],"predecessor-version":[{"id":269,"href":"https:\/\/www.vacances-luchon.fr\/index.php\/wp-json\/wp\/v2\/pages\/20\/revisions\/269"}],"wp:attachment":[{"href":"https:\/\/www.vacances-luchon.fr\/index.php\/wp-json\/wp\/v2\/media?parent=20"}],"curies":[{"name":"wp","href":"https:\/\/api.w.org\/{rel}","templated":true}]}}