{"id":12,"date":"2021-01-10T17:44:37","date_gmt":"2021-01-10T16:44:37","guid":{"rendered":"http:\/\/ufmumdb.cluster030.hosting.ovh.net\/?page_id=12"},"modified":"2025-01-18T15:15:22","modified_gmt":"2025-01-18T14:15:22","slug":"page-daccueil","status":"publish","type":"page","link":"https:\/\/www.vacances-luchon.fr\/","title":{"rendered":"Page d&rsquo;accueil"},"content":{"rendered":"\n<div style=\"display: none;\" class=\"crellyslider-slider crellyslider-slider-full-width crellyslider-slider-bandeau crellyslider-1\" id=\"crellyslider-1\">\n<ul>\n<li\nstyle=\"\nbackground-color: transparent;\nbackground-image: url('https:\/\/www.vacances-luchon.fr\/wp-content\/uploads\/2021\/01\/slider_bandeau_DSCN6289-1000_300.jpg');\nbackground-position: center center;\nbackground-repeat: no-repeat;\nbackground-size: cover;\n\n\"\ndata-in=\"fade\"\ndata-ease-in=\"300\"\ndata-out=\"fade\"\ndata-ease-out=\"300\"\ndata-time=\"3000\"\n>\n<div\nclass=\"\"\nstyle=\"z-index: 1;\n\n\"\ndata-delay=\"0\"\ndata-ease-in=\"300\"\ndata-ease-out=\"300\"\ndata-in=\"fade\"\ndata-out=\"fade\"\ndata-ignore-ease-out=\"0\"\ndata-top=\"93\"\ndata-left=\"173\"\ndata-time=\"3000\"\n><div style=\"text-align: center; line-height: inherit;\"><strong><span style=\"font-family: helvetica, arial, sans-serif; font-size: 25px;\"><span style=\"color: #ffffff;\">Location saisonni\u00e8re<\/span><br \/><br \/><span style=\"color: #ffffff;\">A Bagn\u00e8res de Luchon, au coeur des Pyr\u00e9n\u00e9es<\/span><br \/><\/span><\/strong><\/div><\/div>\n<\/li>\n<li\nstyle=\"\nbackground-color: transparent;\nbackground-image: url('https:\/\/www.vacances-luchon.fr\/wp-content\/uploads\/2021\/01\/slider_bandeau_IMG_4236-1000_300.jpeg');\nbackground-position: center center;\nbackground-repeat: no-repeat;\nbackground-size: cover;\n\n\"\ndata-in=\"fade\"\ndata-ease-in=\"300\"\ndata-out=\"fade\"\ndata-ease-out=\"300\"\ndata-time=\"3000\"\n>\n<div\nclass=\"\"\nstyle=\"z-index: 1;\n\n\"\ndata-delay=\"0\"\ndata-ease-in=\"300\"\ndata-ease-out=\"300\"\ndata-in=\"fade\"\ndata-out=\"fade\"\ndata-ignore-ease-out=\"0\"\ndata-top=\"112\"\ndata-left=\"348\"\ndata-time=\"all\"\n><\/div>\n<div\nclass=\"\"\nstyle=\"z-index: 1;\n\n\"\ndata-delay=\"0\"\ndata-ease-in=\"300\"\ndata-ease-out=\"300\"\ndata-in=\"fade\"\ndata-out=\"fade\"\ndata-ignore-ease-out=\"0\"\ndata-top=\"0\"\ndata-left=\"0\"\ndata-time=\"all\"\n><\/div>\n<div\nclass=\"\"\nstyle=\"z-index: 1;\n\n\"\ndata-delay=\"0\"\ndata-ease-in=\"300\"\ndata-ease-out=\"300\"\ndata-in=\"fade\"\ndata-out=\"fade\"\ndata-ignore-ease-out=\"0\"\ndata-top=\"76\"\ndata-left=\"308\"\ndata-time=\"all\"\n><div style=\"text-align: center; line-height: inherit;\"><strong><span style=\"font-size: 25px; color: #ffffff; font-family: helvetica, arial, sans-serif;\">Appartement class\u00e9 3 \u00e9toiles<\/span><\/strong><\/div>\n<br \/>\n<div style=\"text-align: center; line-height: inherit;\"><span style=\"font-size: 50px; color: #ffffff;\"><strong><span style=\"font-family: helvetica, arial, sans-serif;\">* * *<\/span><\/strong><\/span><\/div><\/div>\n<\/li>\n<li\nstyle=\"\nbackground-color: transparent;\nbackground-image: url('https:\/\/www.vacances-luchon.fr\/wp-content\/uploads\/2021\/01\/slider_bandeau_IMG_3974-1000_300.jpeg');\nbackground-position: center center;\nbackground-repeat: no-repeat;\nbackground-size: cover;\n\n\"\ndata-in=\"fade\"\ndata-ease-in=\"300\"\ndata-out=\"fade\"\ndata-ease-out=\"300\"\ndata-time=\"3000\"\n>\n<div\nclass=\"\"\nstyle=\"z-index: 1;\n\n\"\ndata-delay=\"0\"\ndata-ease-in=\"300\"\ndata-ease-out=\"300\"\ndata-in=\"fade\"\ndata-out=\"fade\"\ndata-ignore-ease-out=\"0\"\ndata-top=\"131\"\ndata-left=\"221\"\ndata-time=\"3000\"\n><br \/>\n<div style=\"text-align: center; line-height: inherit;\"><span style=\"color: #ffffff;\"><strong><span style=\"font-family: helvetica, arial, sans-serif; font-size: 25px;\"><br \/>En \u00e9t\u00e9, les 3000 m\u00e8tres \u00e0 port\u00e9e de randonn\u00e9e.<\/span><\/strong><\/span><\/div><\/div>\n<\/li>\n<li\nstyle=\"\nbackground-color: transparent;\nbackground-image: url('https:\/\/www.vacances-luchon.fr\/wp-content\/uploads\/2021\/01\/slider_bandeau_DSCN6399-1000_300.jpg');\nbackground-position: center center;\nbackground-repeat: no-repeat;\nbackground-size: cover;\n\n\"\ndata-in=\"fade\"\ndata-ease-in=\"300\"\ndata-out=\"fade\"\ndata-ease-out=\"300\"\ndata-time=\"3000\"\n>\n<div\nclass=\"\"\nstyle=\"z-index: 1;\n\n\"\ndata-delay=\"0\"\ndata-ease-in=\"300\"\ndata-ease-out=\"300\"\ndata-in=\"fade\"\ndata-out=\"fade\"\ndata-ignore-ease-out=\"0\"\ndata-top=\"75\"\ndata-left=\"182\"\ndata-time=\"3000\"\n><div style=\"text-align: center; line-height: inherit;\"><span style=\"color: #ffffff;\"><strong><span style=\"font-family: helvetica, arial, sans-serif; font-size: 25px;\">Un appartement familial de 6 couchages avec balcon,<\/span><\/strong><\/span><\/div>\n<br \/>\n<div style=\"text-align: center; line-height: inherit;\"><span style=\"color: #000000;\"><strong><span style=\"font-family: helvetica, arial, sans-serif; font-size: 25px;\"><span style=\"color: #ffffff;\">id\u00e9al pour 4 \u00e0 5 personnes<\/span>\u00a0<\/span><\/strong><\/span><\/div><\/div>\n<\/li>\n<\/ul>\n<\/div>\n<script type=\"text\/javascript\">\n(function($) {\n$(document).ready(function() {\n$(\"#crellyslider-1\").crellySlider({\nlayout: 'full-width',\nresponsive: 1,\nstartWidth: 1000,\nstartHeight: 300,\nautomaticSlide: 1,\nshowControls: 1,\nshowNavigation: 1,\nenableSwipe: 1,\nshowProgressBar: 0,\npauseOnHover: 1,\nrandomOrder: 0,\nstartFromSlide: 0,\nbeforeStart : function() {},\nbeforeSetResponsive : function() {},\nbeforeSlideStart : function() {},\nbeforePause\t: function() {},\nbeforeResume : function() {},\n});\n});\n})(jQuery);\n<\/script>\n\n\n\n\n<p><\/p>\n\n\n\n<div class=\"wp-block-media-text is-stacked-on-mobile is-vertically-aligned-center\" style=\"grid-template-columns:21% auto\"><figure class=\"wp-block-media-text__media\"><img loading=\"lazy\" width=\"400\" height=\"400\" src=\"https:\/\/www.vacances-luchon.fr\/wp-content\/uploads\/2024\/01\/plaque-meuble_tourisme3_2021_red.png\" alt=\"\" class=\"wp-image-214 size-full\" srcset=\"https:\/\/www.vacances-luchon.fr\/wp-content\/uploads\/2024\/01\/plaque-meuble_tourisme3_2021_red.png 400w, https:\/\/www.vacances-luchon.fr\/wp-content\/uploads\/2024\/01\/plaque-meuble_tourisme3_2021_red-300x300.png 300w, https:\/\/www.vacances-luchon.fr\/wp-content\/uploads\/2024\/01\/plaque-meuble_tourisme3_2021_red-150x150.png 150w\" sizes=\"(max-width: 400px) 100vw, 400px\" \/><\/figure><div class=\"wp-block-media-text__content\">\n<div class=\"wp-block-group\"><div class=\"wp-block-group__inner-container\">\n<p>Pour vos vacances en famille ou pour faire une cure thermale, cet appartement T3 class\u00e9 3 \u00e9toiles situ\u00e9 dans une r\u00e9sidence vous attend pour passer un agr\u00e9able s\u00e9jour.<\/p>\n\n\n\n<div class=\"wp-block-group\"><div class=\"wp-block-group__inner-container\">\n<p>Nous acceptons les ch\u00e8ques vacances.<\/p>\n<\/div><\/div>\n\n\n\n<p><\/p>\n<\/div><\/div>\n\n\n\n<p>Pour votre confort en saison hivernale vous serez re\u00e7u dans un appartement chauff\u00e9.<\/p>\n\n\n\n<p><strong>A noter:  ouverture de la piscine pr\u00e9vue de mi juin \u00e0 mi septembre.<\/strong><\/p>\n<\/div><\/div>\n\n\n\n<p><\/p>\n","protected":false},"excerpt":{"rendered":"","protected":false},"author":1,"featured_media":0,"parent":0,"menu_order":0,"comment_status":"closed","ping_status":"closed","template":"templates\/template-no-title.php","meta":[],"_links":{"self":[{"href":"https:\/\/www.vacances-luchon.fr\/index.php\/wp-json\/wp\/v2\/pages\/12"}],"collection":[{"href":"https:\/\/www.vacances-luchon.fr\/index.php\/wp-json\/wp\/v2\/pages"}],"about":[{"href":"https:\/\/www.vacances-luchon.fr\/index.php\/wp-json\/wp\/v2\/types\/page"}],"author":[{"embeddable":true,"href":"https:\/\/www.vacances-luchon.fr\/index.php\/wp-json\/wp\/v2\/users\/1"}],"replies":[{"embeddable":true,"href":"https:\/\/www.vacances-luchon.fr\/index.php\/wp-json\/wp\/v2\/comments?post=12"}],"version-history":[{"count":17,"href":"https:\/\/www.vacances-luchon.fr\/index.php\/wp-json\/wp\/v2\/pages\/12\/revisions"}],"predecessor-version":[{"id":259,"href":"https:\/\/www.vacances-luchon.fr\/index.php\/wp-json\/wp\/v2\/pages\/12\/revisions\/259"}],"wp:attachment":[{"href":"https:\/\/www.vacances-luchon.fr\/index.php\/wp-json\/wp\/v2\/media?parent=12"}],"curies":[{"name":"wp","href":"https:\/\/api.w.org\/{rel}","templated":true}]}}